{"id":314,"date":"2021-04-07T00:37:41","date_gmt":"2021-04-07T00:37:41","guid":{"rendered":"http:\/\/serviciosdigitalesperu.com\/agrofor\/?page_id=314"},"modified":"2021-06-01T23:13:31","modified_gmt":"2021-06-01T23:13:31","slug":"rights-and-benefits","status":"publish","type":"page","link":"https:\/\/www.agrofor.info\/en\/agroforestry-concession\/rights-and-benefits\/","title":{"rendered":"Rights and Benefits"},"content":{"rendered":"<h2>Rights of the AC holder:<\/h2>\n<p class=\"bullet-orange mt-2 mb-4\">To harvest timber and non-timber forest products at agroforestry concessions and plantations in the designated lands.<\/p>\n<p class=\"bullet-orange mt-2 mb-4\">To harvest timber and non-timber products at the natural forest with a Management Declaration.<\/p>\n<p class=\"bullet-orange mt-2 mb-4\">To obtain economic benefits resulting from ecosystem services.<\/p>\n<p class=\"bullet-orange mt-2 mb-4\">To obtain promotion, financial, and discount regime mechanisms.<\/p>\n<p class=\"bullet-orange mt-2 mb-4\">To obtain technical assistance form the forest regional authority.<\/p>\n<p class=\"bullet-orange mt-2 mb-4\">To obtain liens on the AC.<\/p>\n<p class=\"bullet-orange mt-2 mb-4\">AC may be bequeathed by will.<\/p>\n<h2>Benefits for the forest:<\/h2>\n<p class=\"bullet-orange mt-2 mb-4\">To reduce the expansion of farming boundaries into areas of natural forest.<\/p>\n<p class=\"bullet-orange mt-2 mb-4\">To encourage natural regeneration management.<\/p>\n<p class=\"bullet-orange mt-2 mb-4\">To promote care of water sources and bodies.<\/p>\n<p class=\"bullet-orange mt-2 mb-4\">To enhance the provision and quality of environmental services.<\/p>\n","protected":false},"excerpt":{"rendered":"Rights of the AC holder: Benefits for the forest:","protected":false},"author":1,"featured_media":0,"parent":646,"menu_order":0,"comment_status":"closed","ping_status":"closed","template":"page_cusaf.php","meta":{"footnotes":""},"class_list":["post-314","page","type-page","status-publish","hentry"],"yoast_head":"<!-- This site is optimized with the Yoast SEO plugin v16.8 - https:\/\/yoast.com\/wordpress\/plugins\/seo\/ -->\n<title>Rights and Benefits - Agrofor - English<\/title>\n<meta name=\"description\" content=\"Derechos y beneficios en AgroFor. Beneficios econ\u00f3micos por los servicios ecosist\u00e9micos que generan. Escr\u00edbenos aqu\u00ed.\" \/>\n<meta name=\"robots\" content=\"index, follow, max-snippet:-1, max-image-preview:large, max-video-preview:-1\" \/>\n<link rel=\"canonical\" href=\"https:\/\/www.agrofor.info\/en\/agroforestry-concession\/rights-and-benefits\/\" \/>\n<meta property=\"og:locale\" content=\"en_US\" \/>\n<meta property=\"og:type\" content=\"article\" \/>\n<meta property=\"og:title\" content=\"Rights and Benefits - Agrofor - English\" \/>\n<meta property=\"og:description\" content=\"Derechos y beneficios en AgroFor. Beneficios econ\u00f3micos por los servicios ecosist\u00e9micos que generan. Escr\u00edbenos aqu\u00ed.\" \/>\n<meta property=\"og:url\" content=\"https:\/\/www.agrofor.info\/en\/agroforestry-concession\/rights-and-benefits\/\" \/>\n<meta property=\"og:site_name\" content=\"Agrofor - English\" \/>\n<meta property=\"article:modified_time\" content=\"2021-06-01T23:13:31+00:00\" \/>\n<meta name=\"twitter:card\" content=\"summary_large_image\" \/>\n<meta name=\"twitter:label1\" content=\"Est. reading time\" \/>\n\t<meta name=\"twitter:data1\" content=\"1 minute\" \/>\n<script type=\"application\/ld+json\" class=\"yoast-schema-graph\">{\"@context\":\"https:\/\/schema.org\",\"@graph\":[{\"@type\":\"WebSite\",\"@id\":\"https:\/\/www.agrofor.info\/en\/#website\",\"url\":\"https:\/\/www.agrofor.info\/en\/\",\"name\":\"Agrofor - English\",\"description\":\"Just another WordPress site\",\"potentialAction\":[{\"@type\":\"SearchAction\",\"target\":{\"@type\":\"EntryPoint\",\"urlTemplate\":\"https:\/\/www.agrofor.info\/en\/?s={search_term_string}\"},\"query-input\":\"required name=search_term_string\"}],\"inLanguage\":\"en-US\"},{\"@type\":\"WebPage\",\"@id\":\"https:\/\/www.agrofor.info\/en\/agroforestry-concession\/rights-and-benefits\/#webpage\",\"url\":\"https:\/\/www.agrofor.info\/en\/agroforestry-concession\/rights-and-benefits\/\",\"name\":\"Rights and Benefits - Agrofor - English\",\"isPartOf\":{\"@id\":\"https:\/\/www.agrofor.info\/en\/#website\"},\"datePublished\":\"2021-04-07T00:37:41+00:00\",\"dateModified\":\"2021-06-01T23:13:31+00:00\",\"description\":\"Derechos y beneficios en AgroFor. Beneficios econ\\u00f3micos por los servicios ecosist\\u00e9micos que generan. Escr\\u00edbenos aqu\\u00ed.\",\"breadcrumb\":{\"@id\":\"https:\/\/www.agrofor.info\/en\/agroforestry-concession\/rights-and-benefits\/#breadcrumb\"},\"inLanguage\":\"en-US\",\"potentialAction\":[{\"@type\":\"ReadAction\",\"target\":[\"https:\/\/www.agrofor.info\/en\/agroforestry-concession\/rights-and-benefits\/\"]}]},{\"@type\":\"BreadcrumbList\",\"@id\":\"https:\/\/www.agrofor.info\/en\/agroforestry-concession\/rights-and-benefits\/#breadcrumb\",\"itemListElement\":[{\"@type\":\"ListItem\",\"position\":1,\"name\":\"Home\",\"item\":\"https:\/\/www.agrofor.info\/en\/\"},{\"@type\":\"ListItem\",\"position\":2,\"name\":\"Agroforestry concession\",\"item\":\"https:\/\/www.agrofor.info\/en\/agroforestry-concession\/\"},{\"@type\":\"ListItem\",\"position\":3,\"name\":\"Rights and Benefits\"}]}]}<\/script>\n<!-- \/ Yoast SEO plugin. -->","yoast_head_json":{"title":"Rights and Benefits - Agrofor - English","description":"Derechos y beneficios en AgroFor. Beneficios econ\u00f3micos por los servicios ecosist\u00e9micos que generan. Escr\u00edbenos aqu\u00ed.","robots":{"index":"index","follow":"follow","max-snippet":"max-snippet:-1","max-image-preview":"max-image-preview:large","max-video-preview":"max-video-preview:-1"},"canonical":"https:\/\/www.agrofor.info\/en\/agroforestry-concession\/rights-and-benefits\/","og_locale":"en_US","og_type":"article","og_title":"Rights and Benefits - Agrofor - English","og_description":"Derechos y beneficios en AgroFor. Beneficios econ\u00f3micos por los servicios ecosist\u00e9micos que generan. Escr\u00edbenos aqu\u00ed.","og_url":"https:\/\/www.agrofor.info\/en\/agroforestry-concession\/rights-and-benefits\/","og_site_name":"Agrofor - English","article_modified_time":"2021-06-01T23:13:31+00:00","twitter_card":"summary_large_image","twitter_misc":{"Est. reading time":"1 minute"},"schema":{"@context":"https:\/\/schema.org","@graph":[{"@type":"WebSite","@id":"https:\/\/www.agrofor.info\/en\/#website","url":"https:\/\/www.agrofor.info\/en\/","name":"Agrofor - English","description":"Just another WordPress site","potentialAction":[{"@type":"SearchAction","target":{"@type":"EntryPoint","urlTemplate":"https:\/\/www.agrofor.info\/en\/?s={search_term_string}"},"query-input":"required name=search_term_string"}],"inLanguage":"en-US"},{"@type":"WebPage","@id":"https:\/\/www.agrofor.info\/en\/agroforestry-concession\/rights-and-benefits\/#webpage","url":"https:\/\/www.agrofor.info\/en\/agroforestry-concession\/rights-and-benefits\/","name":"Rights and Benefits - Agrofor - English","isPartOf":{"@id":"https:\/\/www.agrofor.info\/en\/#website"},"datePublished":"2021-04-07T00:37:41+00:00","dateModified":"2021-06-01T23:13:31+00:00","description":"Derechos y beneficios en AgroFor. Beneficios econ\u00f3micos por los servicios ecosist\u00e9micos que generan. Escr\u00edbenos aqu\u00ed.","breadcrumb":{"@id":"https:\/\/www.agrofor.info\/en\/agroforestry-concession\/rights-and-benefits\/#breadcrumb"},"inLanguage":"en-US","potentialAction":[{"@type":"ReadAction","target":["https:\/\/www.agrofor.info\/en\/agroforestry-concession\/rights-and-benefits\/"]}]},{"@type":"BreadcrumbList","@id":"https:\/\/www.agrofor.info\/en\/agroforestry-concession\/rights-and-benefits\/#breadcrumb","itemListElement":[{"@type":"ListItem","position":1,"name":"Home","item":"https:\/\/www.agrofor.info\/en\/"},{"@type":"ListItem","position":2,"name":"Agroforestry concession","item":"https:\/\/www.agrofor.info\/en\/agroforestry-concession\/"},{"@type":"ListItem","position":3,"name":"Rights and Benefits"}]}]}},"_links":{"self":[{"href":"https:\/\/www.agrofor.info\/en\/wp-json\/wp\/v2\/pages\/314","targetHints":{"allow":["GET"]}}],"collection":[{"href":"https:\/\/www.agrofor.info\/en\/wp-json\/wp\/v2\/pages"}],"about":[{"href":"https:\/\/www.agrofor.info\/en\/wp-json\/wp\/v2\/types\/page"}],"author":[{"embeddable":true,"href":"https:\/\/www.agrofor.info\/en\/wp-json\/wp\/v2\/users\/1"}],"replies":[{"embeddable":true,"href":"https:\/\/www.agrofor.info\/en\/wp-json\/wp\/v2\/comments?post=314"}],"version-history":[{"count":2,"href":"https:\/\/www.agrofor.info\/en\/wp-json\/wp\/v2\/pages\/314\/revisions"}],"predecessor-version":[{"id":1119,"href":"https:\/\/www.agrofor.info\/en\/wp-json\/wp\/v2\/pages\/314\/revisions\/1119"}],"up":[{"embeddable":true,"href":"https:\/\/www.agrofor.info\/en\/wp-json\/wp\/v2\/pages\/646"}],"wp:attachment":[{"href":"https:\/\/www.agrofor.info\/en\/wp-json\/wp\/v2\/media?parent=314"}],"curies":[{"name":"wp","href":"https:\/\/api.w.org\/{rel}","templated":true}]}}