{"id":342,"date":"2021-04-07T17:16:37","date_gmt":"2021-04-07T17:16:37","guid":{"rendered":"http:\/\/serviciosdigitalesperu.com\/agrofor\/?page_id=342"},"modified":"2021-06-01T23:12:50","modified_gmt":"2021-06-01T23:12:50","slug":"what-is-agroforestry","status":"publish","type":"page","link":"https:\/\/www.agrofor.info\/en\/agroforestry-sustainable-management\/what-is-agroforestry\/","title":{"rendered":"What is agroforestry?"},"content":{"rendered":"<div class=\"div_normativa my-3\"><h4><\/h4><p>It is the term used to define land use and management systems and technologies where perennial woody plants (trees, bushes, palm trees, bamboos, etc.) are deliberately used in the same manner as crops and\/or animal breeding, while keeping a certain spatial order or activity management in an appropriate sequential manner.  There are both ecological and socio-economic interactions among the different components of these agroforestry concessions.<\/p><\/div>\n<h3><strong>Agroforestry practices may be characterized based on the following criteria:<\/strong><\/h3>\n<p class=\"bullet-orange mt-2 mb-4\"><strong>Structure:<\/strong> composition and distribution (array) of components in space and time.<\/p>\n<p class=\"bullet-orange mt-2 mb-4\"><strong>The role of the tree component:<\/strong> goods produced, and services provided.<\/p>\n<p class=\"bullet-orange mt-2 mb-4\"><strong>The partner&#8217;s socio-economic objective<\/strong> vis-a-vis the producers\u00b4 livelihoods.<br \/>\nFor example: production of coffee for sale, and wood production for family use; firewood and fruits for family consumption.<br \/>\n<\/p>\n","protected":false},"excerpt":{"rendered":"Agroforestry practices may be characterized based on the following criteria:","protected":false},"author":1,"featured_media":0,"parent":345,"menu_order":0,"comment_status":"closed","ping_status":"closed","template":"page_agroforestale.php","meta":{"footnotes":""},"class_list":["post-342","page","type-page","status-publish","hentry"],"yoast_head":"<!-- This site is optimized with the Yoast SEO plugin v16.8 - https:\/\/yoast.com\/wordpress\/plugins\/seo\/ -->\n<title>What is agroforestry? - Agrofor - English<\/title>\n<meta name=\"description\" content=\"La Agroforester\u00eda, sistemas de uso de la tierra y tecnolog\u00edas en los que se utilizan deliberadamente plantas le\u00f1osas perennes.\" \/>\n<meta name=\"robots\" content=\"index, follow, max-snippet:-1, max-image-preview:large, max-video-preview:-1\" \/>\n<link rel=\"canonical\" href=\"https:\/\/www.agrofor.info\/en\/agroforestry-sustainable-management\/what-is-agroforestry\/\" \/>\n<meta property=\"og:locale\" content=\"en_US\" \/>\n<meta property=\"og:type\" content=\"article\" \/>\n<meta property=\"og:title\" content=\"What is agroforestry? - Agrofor - English\" \/>\n<meta property=\"og:description\" content=\"La Agroforester\u00eda, sistemas de uso de la tierra y tecnolog\u00edas en los que se utilizan deliberadamente plantas le\u00f1osas perennes.\" \/>\n<meta property=\"og:url\" content=\"https:\/\/www.agrofor.info\/en\/agroforestry-sustainable-management\/what-is-agroforestry\/\" \/>\n<meta property=\"og:site_name\" content=\"Agrofor - English\" \/>\n<meta property=\"article:modified_time\" content=\"2021-06-01T23:12:50+00:00\" \/>\n<meta name=\"twitter:card\" content=\"summary_large_image\" \/>\n<meta name=\"twitter:label1\" content=\"Est. reading time\" \/>\n\t<meta name=\"twitter:data1\" content=\"1 minute\" \/>\n<script type=\"application\/ld+json\" class=\"yoast-schema-graph\">{\"@context\":\"https:\/\/schema.org\",\"@graph\":[{\"@type\":\"WebSite\",\"@id\":\"https:\/\/www.agrofor.info\/en\/#website\",\"url\":\"https:\/\/www.agrofor.info\/en\/\",\"name\":\"Agrofor - English\",\"description\":\"Just another WordPress site\",\"potentialAction\":[{\"@type\":\"SearchAction\",\"target\":{\"@type\":\"EntryPoint\",\"urlTemplate\":\"https:\/\/www.agrofor.info\/en\/?s={search_term_string}\"},\"query-input\":\"required name=search_term_string\"}],\"inLanguage\":\"en-US\"},{\"@type\":\"WebPage\",\"@id\":\"https:\/\/www.agrofor.info\/en\/agroforestry-sustainable-management\/what-is-agroforestry\/#webpage\",\"url\":\"https:\/\/www.agrofor.info\/en\/agroforestry-sustainable-management\/what-is-agroforestry\/\",\"name\":\"What is agroforestry? - Agrofor - English\",\"isPartOf\":{\"@id\":\"https:\/\/www.agrofor.info\/en\/#website\"},\"datePublished\":\"2021-04-07T17:16:37+00:00\",\"dateModified\":\"2021-06-01T23:12:50+00:00\",\"description\":\"La Agroforester\\u00eda, sistemas de uso de la tierra y tecnolog\\u00edas en los que se utilizan deliberadamente plantas le\\u00f1osas perennes.\",\"breadcrumb\":{\"@id\":\"https:\/\/www.agrofor.info\/en\/agroforestry-sustainable-management\/what-is-agroforestry\/#breadcrumb\"},\"inLanguage\":\"en-US\",\"potentialAction\":[{\"@type\":\"ReadAction\",\"target\":[\"https:\/\/www.agrofor.info\/en\/agroforestry-sustainable-management\/what-is-agroforestry\/\"]}]},{\"@type\":\"BreadcrumbList\",\"@id\":\"https:\/\/www.agrofor.info\/en\/agroforestry-sustainable-management\/what-is-agroforestry\/#breadcrumb\",\"itemListElement\":[{\"@type\":\"ListItem\",\"position\":1,\"name\":\"Home\",\"item\":\"https:\/\/www.agrofor.info\/en\/\"},{\"@type\":\"ListItem\",\"position\":2,\"name\":\"Agroforestry sustainable management\",\"item\":\"https:\/\/www.agrofor.info\/en\/agroforestry-sustainable-management\/\"},{\"@type\":\"ListItem\",\"position\":3,\"name\":\"What is agroforestry?\"}]}]}<\/script>\n<!-- \/ Yoast SEO plugin. -->","yoast_head_json":{"title":"What is agroforestry? - Agrofor - English","description":"La Agroforester\u00eda, sistemas de uso de la tierra y tecnolog\u00edas en los que se utilizan deliberadamente plantas le\u00f1osas perennes.","robots":{"index":"index","follow":"follow","max-snippet":"max-snippet:-1","max-image-preview":"max-image-preview:large","max-video-preview":"max-video-preview:-1"},"canonical":"https:\/\/www.agrofor.info\/en\/agroforestry-sustainable-management\/what-is-agroforestry\/","og_locale":"en_US","og_type":"article","og_title":"What is agroforestry? - Agrofor - English","og_description":"La Agroforester\u00eda, sistemas de uso de la tierra y tecnolog\u00edas en los que se utilizan deliberadamente plantas le\u00f1osas perennes.","og_url":"https:\/\/www.agrofor.info\/en\/agroforestry-sustainable-management\/what-is-agroforestry\/","og_site_name":"Agrofor - English","article_modified_time":"2021-06-01T23:12:50+00:00","twitter_card":"summary_large_image","twitter_misc":{"Est. reading time":"1 minute"},"schema":{"@context":"https:\/\/schema.org","@graph":[{"@type":"WebSite","@id":"https:\/\/www.agrofor.info\/en\/#website","url":"https:\/\/www.agrofor.info\/en\/","name":"Agrofor - English","description":"Just another WordPress site","potentialAction":[{"@type":"SearchAction","target":{"@type":"EntryPoint","urlTemplate":"https:\/\/www.agrofor.info\/en\/?s={search_term_string}"},"query-input":"required name=search_term_string"}],"inLanguage":"en-US"},{"@type":"WebPage","@id":"https:\/\/www.agrofor.info\/en\/agroforestry-sustainable-management\/what-is-agroforestry\/#webpage","url":"https:\/\/www.agrofor.info\/en\/agroforestry-sustainable-management\/what-is-agroforestry\/","name":"What is agroforestry? - Agrofor - English","isPartOf":{"@id":"https:\/\/www.agrofor.info\/en\/#website"},"datePublished":"2021-04-07T17:16:37+00:00","dateModified":"2021-06-01T23:12:50+00:00","description":"La Agroforester\u00eda, sistemas de uso de la tierra y tecnolog\u00edas en los que se utilizan deliberadamente plantas le\u00f1osas perennes.","breadcrumb":{"@id":"https:\/\/www.agrofor.info\/en\/agroforestry-sustainable-management\/what-is-agroforestry\/#breadcrumb"},"inLanguage":"en-US","potentialAction":[{"@type":"ReadAction","target":["https:\/\/www.agrofor.info\/en\/agroforestry-sustainable-management\/what-is-agroforestry\/"]}]},{"@type":"BreadcrumbList","@id":"https:\/\/www.agrofor.info\/en\/agroforestry-sustainable-management\/what-is-agroforestry\/#breadcrumb","itemListElement":[{"@type":"ListItem","position":1,"name":"Home","item":"https:\/\/www.agrofor.info\/en\/"},{"@type":"ListItem","position":2,"name":"Agroforestry sustainable management","item":"https:\/\/www.agrofor.info\/en\/agroforestry-sustainable-management\/"},{"@type":"ListItem","position":3,"name":"What is agroforestry?"}]}]}},"_links":{"self":[{"href":"https:\/\/www.agrofor.info\/en\/wp-json\/wp\/v2\/pages\/342","targetHints":{"allow":["GET"]}}],"collection":[{"href":"https:\/\/www.agrofor.info\/en\/wp-json\/wp\/v2\/pages"}],"about":[{"href":"https:\/\/www.agrofor.info\/en\/wp-json\/wp\/v2\/types\/page"}],"author":[{"embeddable":true,"href":"https:\/\/www.agrofor.info\/en\/wp-json\/wp\/v2\/users\/1"}],"replies":[{"embeddable":true,"href":"https:\/\/www.agrofor.info\/en\/wp-json\/wp\/v2\/comments?post=342"}],"version-history":[{"count":3,"href":"https:\/\/www.agrofor.info\/en\/wp-json\/wp\/v2\/pages\/342\/revisions"}],"predecessor-version":[{"id":1131,"href":"https:\/\/www.agrofor.info\/en\/wp-json\/wp\/v2\/pages\/342\/revisions\/1131"}],"up":[{"embeddable":true,"href":"https:\/\/www.agrofor.info\/en\/wp-json\/wp\/v2\/pages\/345"}],"wp:attachment":[{"href":"https:\/\/www.agrofor.info\/en\/wp-json\/wp\/v2\/media?parent=342"}],"curies":[{"name":"wp","href":"https:\/\/api.w.org\/{rel}","templated":true}]}}