{"id":348,"date":"2021-04-07T17:27:03","date_gmt":"2021-04-07T17:27:03","guid":{"rendered":"http:\/\/serviciosdigitalesperu.com\/agrofor\/?page_id=348"},"modified":"2021-06-04T16:22:59","modified_gmt":"2021-06-04T16:22:59","slug":"small-scale-forestry","status":"publish","type":"page","link":"https:\/\/www.agrofor.info\/en\/agroforestry-sustainable-management\/small-scale-forestry\/","title":{"rendered":"Small Scale Forestry"},"content":{"rendered":"<div class=\"row ortoga-cusaf\">\n<div class=\"col-12\">\n<div class=\"wp-content-id\">\n<p>Coming soon: Description of Forestry practices to be undertaken by AgroFor family farmers.<\/p>\n<\/div>\n<\/div>\n<\/div>\n","protected":false},"excerpt":{"rendered":"Coming soon: Description of Forestry practices to be undertaken by AgroFor family farmers.","protected":false},"author":1,"featured_media":0,"parent":345,"menu_order":0,"comment_status":"closed","ping_status":"closed","template":"page_agroforestale.php","meta":{"footnotes":""},"class_list":["post-348","page","type-page","status-publish","hentry"],"yoast_head":"<!-- This site is optimized with the Yoast SEO plugin v16.8 - https:\/\/yoast.com\/wordpress\/plugins\/seo\/ -->\n<title>Small Scale Forestry - Agrofor - English<\/title>\n<meta name=\"description\" content=\"Las pr\u00e1cticas de forester\u00eda que ser\u00e1n desarrolladas por los agricultores familiares de AgroFor, ser\u00e1n descritas pr\u00f3ximamente.\" \/>\n<meta name=\"robots\" content=\"index, follow, max-snippet:-1, max-image-preview:large, max-video-preview:-1\" \/>\n<link rel=\"canonical\" href=\"https:\/\/www.agrofor.info\/en\/agroforestry-sustainable-management\/small-scale-forestry\/\" \/>\n<meta property=\"og:locale\" content=\"en_US\" \/>\n<meta property=\"og:type\" content=\"article\" \/>\n<meta property=\"og:title\" content=\"Small Scale Forestry - Agrofor - English\" \/>\n<meta property=\"og:description\" content=\"Las pr\u00e1cticas de forester\u00eda que ser\u00e1n desarrolladas por los agricultores familiares de AgroFor, ser\u00e1n descritas pr\u00f3ximamente.\" \/>\n<meta property=\"og:url\" content=\"https:\/\/www.agrofor.info\/en\/agroforestry-sustainable-management\/small-scale-forestry\/\" \/>\n<meta property=\"og:site_name\" content=\"Agrofor - English\" \/>\n<meta property=\"article:modified_time\" content=\"2021-06-04T16:22:59+00:00\" \/>\n<meta name=\"twitter:card\" content=\"summary_large_image\" \/>\n<script type=\"application\/ld+json\" class=\"yoast-schema-graph\">{\"@context\":\"https:\/\/schema.org\",\"@graph\":[{\"@type\":\"WebSite\",\"@id\":\"https:\/\/www.agrofor.info\/en\/#website\",\"url\":\"https:\/\/www.agrofor.info\/en\/\",\"name\":\"Agrofor - English\",\"description\":\"Just another WordPress site\",\"potentialAction\":[{\"@type\":\"SearchAction\",\"target\":{\"@type\":\"EntryPoint\",\"urlTemplate\":\"https:\/\/www.agrofor.info\/en\/?s={search_term_string}\"},\"query-input\":\"required name=search_term_string\"}],\"inLanguage\":\"en-US\"},{\"@type\":\"WebPage\",\"@id\":\"https:\/\/www.agrofor.info\/en\/agroforestry-sustainable-management\/small-scale-forestry\/#webpage\",\"url\":\"https:\/\/www.agrofor.info\/en\/agroforestry-sustainable-management\/small-scale-forestry\/\",\"name\":\"Small Scale Forestry - Agrofor - English\",\"isPartOf\":{\"@id\":\"https:\/\/www.agrofor.info\/en\/#website\"},\"datePublished\":\"2021-04-07T17:27:03+00:00\",\"dateModified\":\"2021-06-04T16:22:59+00:00\",\"description\":\"Las pr\\u00e1cticas de forester\\u00eda que ser\\u00e1n desarrolladas por los agricultores familiares de AgroFor, ser\\u00e1n descritas pr\\u00f3ximamente.\",\"breadcrumb\":{\"@id\":\"https:\/\/www.agrofor.info\/en\/agroforestry-sustainable-management\/small-scale-forestry\/#breadcrumb\"},\"inLanguage\":\"en-US\",\"potentialAction\":[{\"@type\":\"ReadAction\",\"target\":[\"https:\/\/www.agrofor.info\/en\/agroforestry-sustainable-management\/small-scale-forestry\/\"]}]},{\"@type\":\"BreadcrumbList\",\"@id\":\"https:\/\/www.agrofor.info\/en\/agroforestry-sustainable-management\/small-scale-forestry\/#breadcrumb\",\"itemListElement\":[{\"@type\":\"ListItem\",\"position\":1,\"name\":\"Home\",\"item\":\"https:\/\/www.agrofor.info\/en\/\"},{\"@type\":\"ListItem\",\"position\":2,\"name\":\"Agroforestry sustainable management\",\"item\":\"https:\/\/www.agrofor.info\/en\/agroforestry-sustainable-management\/\"},{\"@type\":\"ListItem\",\"position\":3,\"name\":\"Small Scale Forestry\"}]}]}<\/script>\n<!-- \/ Yoast SEO plugin. -->","yoast_head_json":{"title":"Small Scale Forestry - Agrofor - English","description":"Las pr\u00e1cticas de forester\u00eda que ser\u00e1n desarrolladas por los agricultores familiares de AgroFor, ser\u00e1n descritas pr\u00f3ximamente.","robots":{"index":"index","follow":"follow","max-snippet":"max-snippet:-1","max-image-preview":"max-image-preview:large","max-video-preview":"max-video-preview:-1"},"canonical":"https:\/\/www.agrofor.info\/en\/agroforestry-sustainable-management\/small-scale-forestry\/","og_locale":"en_US","og_type":"article","og_title":"Small Scale Forestry - Agrofor - English","og_description":"Las pr\u00e1cticas de forester\u00eda que ser\u00e1n desarrolladas por los agricultores familiares de AgroFor, ser\u00e1n descritas pr\u00f3ximamente.","og_url":"https:\/\/www.agrofor.info\/en\/agroforestry-sustainable-management\/small-scale-forestry\/","og_site_name":"Agrofor - English","article_modified_time":"2021-06-04T16:22:59+00:00","twitter_card":"summary_large_image","schema":{"@context":"https:\/\/schema.org","@graph":[{"@type":"WebSite","@id":"https:\/\/www.agrofor.info\/en\/#website","url":"https:\/\/www.agrofor.info\/en\/","name":"Agrofor - English","description":"Just another WordPress site","potentialAction":[{"@type":"SearchAction","target":{"@type":"EntryPoint","urlTemplate":"https:\/\/www.agrofor.info\/en\/?s={search_term_string}"},"query-input":"required name=search_term_string"}],"inLanguage":"en-US"},{"@type":"WebPage","@id":"https:\/\/www.agrofor.info\/en\/agroforestry-sustainable-management\/small-scale-forestry\/#webpage","url":"https:\/\/www.agrofor.info\/en\/agroforestry-sustainable-management\/small-scale-forestry\/","name":"Small Scale Forestry - Agrofor - English","isPartOf":{"@id":"https:\/\/www.agrofor.info\/en\/#website"},"datePublished":"2021-04-07T17:27:03+00:00","dateModified":"2021-06-04T16:22:59+00:00","description":"Las pr\u00e1cticas de forester\u00eda que ser\u00e1n desarrolladas por los agricultores familiares de AgroFor, ser\u00e1n descritas pr\u00f3ximamente.","breadcrumb":{"@id":"https:\/\/www.agrofor.info\/en\/agroforestry-sustainable-management\/small-scale-forestry\/#breadcrumb"},"inLanguage":"en-US","potentialAction":[{"@type":"ReadAction","target":["https:\/\/www.agrofor.info\/en\/agroforestry-sustainable-management\/small-scale-forestry\/"]}]},{"@type":"BreadcrumbList","@id":"https:\/\/www.agrofor.info\/en\/agroforestry-sustainable-management\/small-scale-forestry\/#breadcrumb","itemListElement":[{"@type":"ListItem","position":1,"name":"Home","item":"https:\/\/www.agrofor.info\/en\/"},{"@type":"ListItem","position":2,"name":"Agroforestry sustainable management","item":"https:\/\/www.agrofor.info\/en\/agroforestry-sustainable-management\/"},{"@type":"ListItem","position":3,"name":"Small Scale Forestry"}]}]}},"_links":{"self":[{"href":"https:\/\/www.agrofor.info\/en\/wp-json\/wp\/v2\/pages\/348","targetHints":{"allow":["GET"]}}],"collection":[{"href":"https:\/\/www.agrofor.info\/en\/wp-json\/wp\/v2\/pages"}],"about":[{"href":"https:\/\/www.agrofor.info\/en\/wp-json\/wp\/v2\/types\/page"}],"author":[{"embeddable":true,"href":"https:\/\/www.agrofor.info\/en\/wp-json\/wp\/v2\/users\/1"}],"replies":[{"embeddable":true,"href":"https:\/\/www.agrofor.info\/en\/wp-json\/wp\/v2\/comments?post=348"}],"version-history":[{"count":1,"href":"https:\/\/www.agrofor.info\/en\/wp-json\/wp\/v2\/pages\/348\/revisions"}],"predecessor-version":[{"id":1134,"href":"https:\/\/www.agrofor.info\/en\/wp-json\/wp\/v2\/pages\/348\/revisions\/1134"}],"up":[{"embeddable":true,"href":"https:\/\/www.agrofor.info\/en\/wp-json\/wp\/v2\/pages\/345"}],"wp:attachment":[{"href":"https:\/\/www.agrofor.info\/en\/wp-json\/wp\/v2\/media?parent=348"}],"curies":[{"name":"wp","href":"https:\/\/api.w.org\/{rel}","templated":true}]}}