{"id":649,"date":"2021-01-15T10:07:32","date_gmt":"2021-01-15T10:07:32","guid":{"rendered":"http:\/\/serviciosdigitalesperu.com\/agrofor\/?page_id=28"},"modified":"2021-06-04T14:11:26","modified_gmt":"2021-06-04T14:11:26","slug":"contact","status":"publish","type":"page","link":"https:\/\/www.agrofor.info\/en\/contact\/","title":{"rendered":"Contact Information"},"content":{"rendered":"<p>&nbsp;<br \/>\n&nbsp;<\/p>\n<h2>Technical Team<\/h2>\n<h3>GGGI<\/h3>\n<p>Aaron Drayer<\/p>\n<p><a href=\"mailto:aaron.drayer@gmail.com\">aaron.drayer@gmail.com<\/a><\/p>\n<p>&nbsp;<\/p>\n<p>&nbsp;<\/p>\n<h3>ICRAF<\/h3>\n<p>Valentina Robiglio<\/p>\n<p><a href=\"mailto:v.robiglio@cgiar.org\">v.robiglio@cgiar.org<\/a><\/p>\n<p>&nbsp;<\/p>\n<p>&nbsp;<\/p>\n<h3>SPDA<\/h3>\n<p>Jos\u00e9 Luis Capella<\/p>\n<p><a href=\"mailto:jcapella@spda.org.pe\">jcapella@spda.org.pe<\/a><\/p>\n","protected":false},"excerpt":{"rendered":"&nbsp;\r\n<h4>Contact us for further information about the AgroFor project.<\/h4>","protected":false},"author":1,"featured_media":0,"parent":0,"menu_order":0,"comment_status":"closed","ping_status":"closed","template":"","meta":{"footnotes":""},"class_list":["post-649","page","type-page","status-publish","hentry"],"yoast_head":"<!-- This site is optimized with the Yoast SEO plugin v16.8 - https:\/\/yoast.com\/wordpress\/plugins\/seo\/ -->\n<title>Contact Information - Agrofor - English -<\/title>\n<meta name=\"description\" content=\"Necesitas conocer m\u00e1s sobre el proyecto AgroFor, escr\u00edbenos en la secci\u00f3n contacto.\" \/>\n<meta name=\"robots\" content=\"index, follow, max-snippet:-1, max-image-preview:large, max-video-preview:-1\" \/>\n<link rel=\"canonical\" href=\"https:\/\/www.agrofor.info\/en\/contact\/\" \/>\n<meta property=\"og:locale\" content=\"en_US\" \/>\n<meta property=\"og:type\" content=\"article\" \/>\n<meta property=\"og:title\" content=\"Contact Information - Agrofor - English -\" \/>\n<meta property=\"og:description\" content=\"Necesitas conocer m\u00e1s sobre el proyecto AgroFor, escr\u00edbenos en la secci\u00f3n contacto.\" \/>\n<meta property=\"og:url\" content=\"https:\/\/www.agrofor.info\/en\/contact\/\" \/>\n<meta property=\"og:site_name\" content=\"Agrofor - English\" \/>\n<meta property=\"article:modified_time\" content=\"2021-06-04T14:11:26+00:00\" \/>\n<meta name=\"twitter:card\" content=\"summary_large_image\" \/>\n<meta name=\"twitter:label1\" content=\"Est. reading time\" \/>\n\t<meta name=\"twitter:data1\" content=\"1 minute\" \/>\n<script type=\"application\/ld+json\" class=\"yoast-schema-graph\">{\"@context\":\"https:\/\/schema.org\",\"@graph\":[{\"@type\":\"WebSite\",\"@id\":\"https:\/\/www.agrofor.info\/en\/#website\",\"url\":\"https:\/\/www.agrofor.info\/en\/\",\"name\":\"Agrofor - English\",\"description\":\"Just another WordPress site\",\"potentialAction\":[{\"@type\":\"SearchAction\",\"target\":{\"@type\":\"EntryPoint\",\"urlTemplate\":\"https:\/\/www.agrofor.info\/en\/?s={search_term_string}\"},\"query-input\":\"required name=search_term_string\"}],\"inLanguage\":\"en-US\"},{\"@type\":\"WebPage\",\"@id\":\"https:\/\/www.agrofor.info\/en\/contact\/#webpage\",\"url\":\"https:\/\/www.agrofor.info\/en\/contact\/\",\"name\":\"Contact Information - Agrofor - English -\",\"isPartOf\":{\"@id\":\"https:\/\/www.agrofor.info\/en\/#website\"},\"datePublished\":\"2021-01-15T10:07:32+00:00\",\"dateModified\":\"2021-06-04T14:11:26+00:00\",\"description\":\"Necesitas conocer m\\u00e1s sobre el proyecto AgroFor, escr\\u00edbenos en la secci\\u00f3n contacto.\",\"breadcrumb\":{\"@id\":\"https:\/\/www.agrofor.info\/en\/contact\/#breadcrumb\"},\"inLanguage\":\"en-US\",\"potentialAction\":[{\"@type\":\"ReadAction\",\"target\":[\"https:\/\/www.agrofor.info\/en\/contact\/\"]}]},{\"@type\":\"BreadcrumbList\",\"@id\":\"https:\/\/www.agrofor.info\/en\/contact\/#breadcrumb\",\"itemListElement\":[{\"@type\":\"ListItem\",\"position\":1,\"name\":\"Home\",\"item\":\"https:\/\/www.agrofor.info\/en\/\"},{\"@type\":\"ListItem\",\"position\":2,\"name\":\"Contact Information\"}]}]}<\/script>\n<!-- \/ Yoast SEO plugin. -->","yoast_head_json":{"title":"Contact Information - Agrofor - English -","description":"Necesitas conocer m\u00e1s sobre el proyecto AgroFor, escr\u00edbenos en la secci\u00f3n contacto.","robots":{"index":"index","follow":"follow","max-snippet":"max-snippet:-1","max-image-preview":"max-image-preview:large","max-video-preview":"max-video-preview:-1"},"canonical":"https:\/\/www.agrofor.info\/en\/contact\/","og_locale":"en_US","og_type":"article","og_title":"Contact Information - Agrofor - English -","og_description":"Necesitas conocer m\u00e1s sobre el proyecto AgroFor, escr\u00edbenos en la secci\u00f3n contacto.","og_url":"https:\/\/www.agrofor.info\/en\/contact\/","og_site_name":"Agrofor - English","article_modified_time":"2021-06-04T14:11:26+00:00","twitter_card":"summary_large_image","twitter_misc":{"Est. reading time":"1 minute"},"schema":{"@context":"https:\/\/schema.org","@graph":[{"@type":"WebSite","@id":"https:\/\/www.agrofor.info\/en\/#website","url":"https:\/\/www.agrofor.info\/en\/","name":"Agrofor - English","description":"Just another WordPress site","potentialAction":[{"@type":"SearchAction","target":{"@type":"EntryPoint","urlTemplate":"https:\/\/www.agrofor.info\/en\/?s={search_term_string}"},"query-input":"required name=search_term_string"}],"inLanguage":"en-US"},{"@type":"WebPage","@id":"https:\/\/www.agrofor.info\/en\/contact\/#webpage","url":"https:\/\/www.agrofor.info\/en\/contact\/","name":"Contact Information - Agrofor - English -","isPartOf":{"@id":"https:\/\/www.agrofor.info\/en\/#website"},"datePublished":"2021-01-15T10:07:32+00:00","dateModified":"2021-06-04T14:11:26+00:00","description":"Necesitas conocer m\u00e1s sobre el proyecto AgroFor, escr\u00edbenos en la secci\u00f3n contacto.","breadcrumb":{"@id":"https:\/\/www.agrofor.info\/en\/contact\/#breadcrumb"},"inLanguage":"en-US","potentialAction":[{"@type":"ReadAction","target":["https:\/\/www.agrofor.info\/en\/contact\/"]}]},{"@type":"BreadcrumbList","@id":"https:\/\/www.agrofor.info\/en\/contact\/#breadcrumb","itemListElement":[{"@type":"ListItem","position":1,"name":"Home","item":"https:\/\/www.agrofor.info\/en\/"},{"@type":"ListItem","position":2,"name":"Contact Information"}]}]}},"_links":{"self":[{"href":"https:\/\/www.agrofor.info\/en\/wp-json\/wp\/v2\/pages\/649","targetHints":{"allow":["GET"]}}],"collection":[{"href":"https:\/\/www.agrofor.info\/en\/wp-json\/wp\/v2\/pages"}],"about":[{"href":"https:\/\/www.agrofor.info\/en\/wp-json\/wp\/v2\/types\/page"}],"author":[{"embeddable":true,"href":"https:\/\/www.agrofor.info\/en\/wp-json\/wp\/v2\/users\/1"}],"replies":[{"embeddable":true,"href":"https:\/\/www.agrofor.info\/en\/wp-json\/wp\/v2\/comments?post=649"}],"version-history":[{"count":4,"href":"https:\/\/www.agrofor.info\/en\/wp-json\/wp\/v2\/pages\/649\/revisions"}],"predecessor-version":[{"id":1152,"href":"https:\/\/www.agrofor.info\/en\/wp-json\/wp\/v2\/pages\/649\/revisions\/1152"}],"wp:attachment":[{"href":"https:\/\/www.agrofor.info\/en\/wp-json\/wp\/v2\/media?parent=649"}],"curies":[{"name":"wp","href":"https:\/\/api.w.org\/{rel}","templated":true}]}}